{"id":165,"date":"2019-02-19T21:23:14","date_gmt":"2019-02-19T21:23:14","guid":{"rendered":"http:\/\/xn--krper-resonanz-vpb.de\/?page_id=165"},"modified":"2020-02-10T16:58:04","modified_gmt":"2020-02-10T16:58:04","slug":"therapieangebot","status":"publish","type":"page","link":"https:\/\/xn--krper-resonanz-vpb.de\/?page_id=165","title":{"rendered":"Therapieangebot"},"content":{"rendered":"\n<p><strong>Osteopathie:&nbsp;<\/strong><\/p>\n\n\n\n<p class=\"has-text-align-left\">Sie umfasst die Diagnose und Therapie wiederherstellbarer Funktionsst\u00f6rungen des aktiven und passiven Bewegungsapparates und ist eine ganzheitliche manuelle Medizin. Die Orientierung richtet sich nach den Ergebnissen naturwissenschaftlicher Grundlagen der Anatomie und Neurophysiologie. Nach dem Vorsatz  \u00b4Leben ist Bewegung  \u00b4 m\u00fcssen der Auffassung nach alle Gewebe frei beweglich sein, sonst kommt es zu Funktionsbeeintr\u00e4chtigungen.<\/p>\n\n\n\n<p><strong>Craniosacrale Therapie: <\/strong><\/p>\n\n\n\n<p>Sie befasst sich mit dem craniosacralen System, das sich aus dem  zentralen Nervensystem, dem R\u00fcckenmark und deren umgebenden Strukturen wie Knochen, H\u00e4uten und Fl\u00fcssigkeiten zusammen setzt. Es wird grunds\u00e4tzlich systemorierntiert statt symptomorientiert behandelt. Durch die Harmonisierung des craniosacralen Systems l\u00f6sen sich Verspannungen, Schmerzen oder Bewegungseinschr\u00e4nkungen. Das Immunsystem wird gest\u00e4rkt und die Vitalfunktionen stabilisiert.<\/p>\n\n\n\n<p><strong>SEE (Somato-emotionale Entspannung):<\/strong><\/p>\n\n\n\n<p>Die SEE befasst sich mit dem Zellged\u00e4chtnis. Das bedeutet, wie die Forschung belegt, dass das psychisch Erleben unmittelbar an Stoffwechselvorg\u00e4nge gekoppelt ist. Gedanken und Emotionen hinterlassen &#8218;Spuren&#8216; im Gewebe. Ursache k\u00f6nnen beispielsweise psychische oder physische Traumata sein. Diesen Geweben wird durch die Aufmerksamkeit und tiefen Kontakt des Behandlers mit dem Patienten die L\u00f6sung der dort angestauten Energie erm\u00f6glicht. Die SEE unterst\u00fctzt den Prozess der Wandlung und Ver\u00e4nderung des Menschen.<\/p>\n\n\n\n<p><strong>IMpuls-Therapie:<\/strong><\/p>\n\n\n\n<p>Die IMpuls-Therapie wurde von Bernhard Voss entwickelt und ist eine K\u00f6rper-Psychotherapie, deren psychotherapeutischer Zugang auf Grundlage der Gestalttherapie und unter Einbeziehung osteopathischer Techniken und Sichtweisen erfolgt. Der K\u00f6rper formt sich durch Druck- und Zugkr\u00e4fte. Im Laufe des Lebens wirken psych. Verdr\u00e4ngungen auf den K\u00f6rper ein und f\u00fchren zu Spannung in den Geweben. Diese Spannung \u00fcbt Zug\/Druck auf die kn\u00f6chernen Strukturen aus und damit zur Ver\u00e4nderung der K\u00f6rperform und K\u00f6rperhaltung. Somit erz\u00e4hlt der K\u00f6rper durch seine Form die Lebensgeschichte der Menschen. Diese  Erkenntnisse flie\u00dfen in die osteopathische Behandlung mit ein. Au\u00dferdem setzt sie gestalttherapeutische Experimente ein und bereichert dadurch die Herangehensweise des Behandlers. Sie f\u00f6rdert die individuelle Entwicklung und l\u00f6st k\u00f6rperliche Beschwerden nachhaltig.<\/p>\n\n\n\n<p><strong>Ohrakupunktur:<\/strong><\/p>\n\n\n\n<p>Die gesamte Ohroberfl\u00e4che stellt eine &#8218;Reflexzone&#8216; dar, auf die alle Organe des K\u00f6rpers reagieren. Das bedeutet, das Ohr spiegelt den ganzen Menschen auf seiner Oberfl\u00e4che wieder. Werden mit speziellen Akupunkturnadeln bestimmte Regionen am Ohr gereizt, k\u00f6nnen Schmerzen, St\u00f6rungen, Erkrankungen der entsprechenden Organe effektiv behandelt werden. Sie ist allerdings nicht als alleinige Therapie bei schweren, ernsthaften Erkrankungen geeignet. Dort kann sie aber in Absprache mit dem behandelnden Arzt\/Heilpraktiker eingesetzt werden. Nicht angewendet werden sollte sie bei lokalen Entz\u00fcndungen, Verletzungen oder Narben am Ohr, oder bei Notwendigkeit einer OP. Eingeschr\u00e4nkt einsetzbar ist sie bei Schwangerschaft oder bestimmter Infektionskrankheiten. Nebenwirkungen treten bei sachgem\u00e4\u00dfer Anwendung kaum auf. <\/p>\n\n\n\n<p><strong>CMD\/Kiefergelenksbehandlungen:<\/strong><\/p>\n\n\n\n<p>Die craniomandibul\u00e4re Dysfunktion ( CMD ) beschreibt eine St\u00f6rung des Kiefergelenkes. Es kann durch organische, traumatische und parafunktionelle Ursachen bedingt sein. Bei den parafunktionellen Ursachen im Sinne von Knirschen und Pressen wird die einwirkende Kraft in Richtung der nerven- und gef\u00e4\u00dfreichen &#8222;bilamin\u00e4ren Zone &#8220; gelenkt. Das kann zu Kapselentz\u00fcndungen, Schmerzen, Spannungszust\u00e4nden der Muskulatur und Faszien und zu vorzeitiger Arthrose f\u00fchren. Die Kieferbehandlung umfasst neben der Entlastung aller daran beteiligten Strukturen auch die Bearbeitung der seelischen Faktoren, weil das &#8220; Kauorgan &#8220; besonders durch Stress, Wut und Angst aktiviert wird.<\/p>\n\n\n\n<p><strong>Ultraschalltherapie:<\/strong><\/p>\n\n\n\n<p>Sie wird zur Schmerzlinderung und Unterst\u00fctzung von Selbstheilungsprozessen angewendet und ist ein hochwirksames Therapeutikum bei vielen Erkrankungen wie z. B. bei chronisch entz\u00fcndlichen Erkrankungen des St\u00fctz- und Bewegungsapparates, bei reflektorisch beeinflussbaren Funktionsst\u00f6rungen innerer Organe, bei Ulcus cruris und anderen z. B. dermatologischen Erkrankungen.                     <strong>Wirkungsweise<\/strong>                                                                                            Thermische Wirkung:                                                                                           Mehrdurchblutung (Hyper\u00e4mie)                                                                       Stoffwechselsteigerung                                                                                         Verbesserte Dehnbarkeit der kollagenen Fasern                                             Tonusminderung der Muskulatur                                                                Schmerzlinderung (Analgesie)                                                                                   Die Anwendungsm\u00f6glichkeiten sind besonders effektiv bei schmerzhaften Muskelverh\u00e4rtungen. Auch die bevorzugte Erw\u00e4rmung von Narben, Sehnenscheiden, B\u00e4ndern und Nervenst\u00e4mmen ist bekannt. Ebenso werden Lymphgef\u00e4\u00dfe aktiviert, womit ein verbesserter Lymphabfluss erreicht wird.                                                                                                                                        Mechanische Wirkung:                                                                                            Die Druckschwankungen im Ultraschallfeld wirken im Sinne von Druck und Zug auf das Gewebe ein. Diese bewirken eine Beschleunigung von Stoffwechselvorg\u00e4ngen, reparative und regenerationsf\u00f6rdernde Vorg\u00e4nge im Weichteil- und Knochengewebe.                                                                              Ebenso bestehen komplexe Einfl\u00fcsse auf das Immunsystem durch die Steigerung der Protein-Synthese und der zellul\u00e4ren Aktivit\u00e4t.                           Au\u00dferdem wird die Ultraschallenergie zur Sonophorese angewendet. Dabei hat man die M\u00f6glichkeit Medikamente, die auf die Haut aufgetragen wurden in den K\u00f6rper (nahe an den Erkrankungsort) zu bringen. Bevorzugt werden bei diesem Verfahren zur lokalen Anwendung Kortikoide, Analgetika, Antiphlogistika oder Lokalan\u00e4sthetika eingesetzt.                                  <strong>Indikationen:<\/strong>                                                                                                Vertebragene Schmerzsyndrome, z. B. Zervikalsyndrom, LWS-Syndrom, ISG-Syndrom,                                                                                                             Gelenkerkrankungen,                                                                                                          Rheumatoide Arthritis (soweit eine W\u00e4rmeanwendung angezeigt ist)         Arthrose,                                                                                                                            Periarthropathien,                                                                                                                Epicondylopathie,                                                                                                 Tendinosen, Periostosen, Fersensporn,                                                           Archillodynie,                                                                                                                     Narben, Kontrakturen, Dupuytren-Kontraktur,                                         Posttraumatische Beschwerden,                                                                  Frakturen (insbesondere bei verz\u00f6gerter Kallusbildung),                               Asthma bronchiale,                                                                                                   Rhinopathie,                                                                                                                Persistierende Beschwerden der HWS nach Schleudertraumen mit Blockierungen,                                                                                                  Kopfschmerzen,                                                                                                       Ohrenschmerzen,                                                                                                      Zosterneuralgie,                                                                                                        Funktionelle St\u00f6rungen des Magens und des Zw\u00f6lffingerdarms,        Pelvipathie,                                                                                                                  Funktionelle Beschwerden des kleinen Beckens.                  <\/p>\n","protected":false},"excerpt":{"rendered":"<p>Osteopathie:&nbsp; Sie umfasst die Diagnose und Therapie wiederherstellbarer Funktionsst\u00f6rungen des aktiven und passiven Bewegungsapparates und ist eine ganzheitliche manuelle Medizin. Die Orientierung richtet sich nach den Ergebnissen naturwissenschaftlicher Grundlagen der Anatomie und Neurophysiologie. Nach dem Vorsatz \u00b4Leben ist Bewegung \u00b4 m\u00fcssen der Auffassung nach alle Gewebe frei beweglich sein, sonst kommt es zu Funktionsbeeintr\u00e4chtigungen. Craniosacrale&hellip;<\/p>\n","protected":false},"author":1,"featured_media":0,"parent":0,"menu_order":0,"comment_status":"closed","ping_status":"closed","template":"","meta":{"footnotes":""},"class_list":["post-165","page","type-page","status-publish","hentry"],"yoast_head":"<!-- This site is optimized with the Yoast SEO plugin v27.0 - https:\/\/yoast.com\/product\/yoast-seo-wordpress\/ -->\n<title>Therapieangebot - K\u00f6rper-Resonanz<\/title>\n<meta name=\"robots\" content=\"index, follow, max-snippet:-1, max-image-preview:large, max-video-preview:-1\" \/>\n<link rel=\"canonical\" href=\"https:\/\/xn--krper-resonanz-vpb.de\/?page_id=165\" \/>\n<meta property=\"og:locale\" content=\"de_DE\" \/>\n<meta property=\"og:type\" content=\"article\" \/>\n<meta property=\"og:title\" content=\"Therapieangebot - K\u00f6rper-Resonanz\" \/>\n<meta property=\"og:description\" content=\"Osteopathie:&nbsp; Sie umfasst die Diagnose und Therapie wiederherstellbarer Funktionsst\u00f6rungen des aktiven und passiven Bewegungsapparates und ist eine ganzheitliche manuelle Medizin. Die Orientierung richtet sich nach den Ergebnissen naturwissenschaftlicher Grundlagen der Anatomie und Neurophysiologie. Nach dem Vorsatz \u00b4Leben ist Bewegung \u00b4 m\u00fcssen der Auffassung nach alle Gewebe frei beweglich sein, sonst kommt es zu Funktionsbeeintr\u00e4chtigungen. Craniosacrale&hellip;\" \/>\n<meta property=\"og:url\" content=\"https:\/\/xn--krper-resonanz-vpb.de\/?page_id=165\" \/>\n<meta property=\"og:site_name\" content=\"K\u00f6rper-Resonanz\" \/>\n<meta property=\"article:modified_time\" content=\"2020-02-10T16:58:04+00:00\" \/>\n<meta name=\"twitter:card\" content=\"summary_large_image\" \/>\n<meta name=\"twitter:label1\" content=\"Gesch\u00e4tzte Lesezeit\" \/>\n\t<meta name=\"twitter:data1\" content=\"4\u00a0Minuten\" \/>\n<script type=\"application\/ld+json\" class=\"yoast-schema-graph\">{\"@context\":\"https:\/\/schema.org\",\"@graph\":[{\"@type\":\"WebPage\",\"@id\":\"https:\/\/xn--krper-resonanz-vpb.de\/?page_id=165\",\"url\":\"https:\/\/xn--krper-resonanz-vpb.de\/?page_id=165\",\"name\":\"Therapieangebot - K\u00f6rper-Resonanz\",\"isPartOf\":{\"@id\":\"https:\/\/xn--krper-resonanz-vpb.de\/#website\"},\"datePublished\":\"2019-02-19T21:23:14+00:00\",\"dateModified\":\"2020-02-10T16:58:04+00:00\",\"breadcrumb\":{\"@id\":\"https:\/\/xn--krper-resonanz-vpb.de\/?page_id=165#breadcrumb\"},\"inLanguage\":\"de\",\"potentialAction\":[{\"@type\":\"ReadAction\",\"target\":[\"https:\/\/xn--krper-resonanz-vpb.de\/?page_id=165\"]}]},{\"@type\":\"BreadcrumbList\",\"@id\":\"https:\/\/xn--krper-resonanz-vpb.de\/?page_id=165#breadcrumb\",\"itemListElement\":[{\"@type\":\"ListItem\",\"position\":1,\"name\":\"Startseite\",\"item\":\"https:\/\/xn--krper-resonanz-vpb.de\/\"},{\"@type\":\"ListItem\",\"position\":2,\"name\":\"Therapieangebot\"}]},{\"@type\":\"WebSite\",\"@id\":\"https:\/\/xn--krper-resonanz-vpb.de\/#website\",\"url\":\"https:\/\/xn--krper-resonanz-vpb.de\/\",\"name\":\"K\u00f6rper-Resonanz\",\"description\":\"Gabriele Riepe\",\"publisher\":{\"@id\":\"https:\/\/xn--krper-resonanz-vpb.de\/#\/schema\/person\/b6f17492a214383eff9940eac523e28b\"},\"potentialAction\":[{\"@type\":\"SearchAction\",\"target\":{\"@type\":\"EntryPoint\",\"urlTemplate\":\"https:\/\/xn--krper-resonanz-vpb.de\/?s={search_term_string}\"},\"query-input\":{\"@type\":\"PropertyValueSpecification\",\"valueRequired\":true,\"valueName\":\"search_term_string\"}}],\"inLanguage\":\"de\"},{\"@type\":[\"Person\",\"Organization\"],\"@id\":\"https:\/\/xn--krper-resonanz-vpb.de\/#\/schema\/person\/b6f17492a214383eff9940eac523e28b\",\"name\":\"Riepe\",\"image\":{\"@type\":\"ImageObject\",\"inLanguage\":\"de\",\"@id\":\"https:\/\/xn--krper-resonanz-vpb.de\/#\/schema\/person\/image\/\",\"url\":\"http:\/\/xn--krper-resonanz-vpb.de\/wp-content\/uploads\/2019\/02\/EA9DEC90-520F-4016-AFAA-F6A86BE50EA8.jpeg\",\"contentUrl\":\"http:\/\/xn--krper-resonanz-vpb.de\/wp-content\/uploads\/2019\/02\/EA9DEC90-520F-4016-AFAA-F6A86BE50EA8.jpeg\",\"width\":537,\"height\":710,\"caption\":\"Riepe\"},\"logo\":{\"@id\":\"https:\/\/xn--krper-resonanz-vpb.de\/#\/schema\/person\/image\/\"}}]}<\/script>\n<!-- \/ Yoast SEO plugin. -->","yoast_head_json":{"title":"Therapieangebot - K\u00f6rper-Resonanz","robots":{"index":"index","follow":"follow","max-snippet":"max-snippet:-1","max-image-preview":"max-image-preview:large","max-video-preview":"max-video-preview:-1"},"canonical":"https:\/\/xn--krper-resonanz-vpb.de\/?page_id=165","og_locale":"de_DE","og_type":"article","og_title":"Therapieangebot - K\u00f6rper-Resonanz","og_description":"Osteopathie:&nbsp; Sie umfasst die Diagnose und Therapie wiederherstellbarer Funktionsst\u00f6rungen des aktiven und passiven Bewegungsapparates und ist eine ganzheitliche manuelle Medizin. Die Orientierung richtet sich nach den Ergebnissen naturwissenschaftlicher Grundlagen der Anatomie und Neurophysiologie. Nach dem Vorsatz \u00b4Leben ist Bewegung \u00b4 m\u00fcssen der Auffassung nach alle Gewebe frei beweglich sein, sonst kommt es zu Funktionsbeeintr\u00e4chtigungen. Craniosacrale&hellip;","og_url":"https:\/\/xn--krper-resonanz-vpb.de\/?page_id=165","og_site_name":"K\u00f6rper-Resonanz","article_modified_time":"2020-02-10T16:58:04+00:00","twitter_card":"summary_large_image","twitter_misc":{"Gesch\u00e4tzte Lesezeit":"4\u00a0Minuten"},"schema":{"@context":"https:\/\/schema.org","@graph":[{"@type":"WebPage","@id":"https:\/\/xn--krper-resonanz-vpb.de\/?page_id=165","url":"https:\/\/xn--krper-resonanz-vpb.de\/?page_id=165","name":"Therapieangebot - K\u00f6rper-Resonanz","isPartOf":{"@id":"https:\/\/xn--krper-resonanz-vpb.de\/#website"},"datePublished":"2019-02-19T21:23:14+00:00","dateModified":"2020-02-10T16:58:04+00:00","breadcrumb":{"@id":"https:\/\/xn--krper-resonanz-vpb.de\/?page_id=165#breadcrumb"},"inLanguage":"de","potentialAction":[{"@type":"ReadAction","target":["https:\/\/xn--krper-resonanz-vpb.de\/?page_id=165"]}]},{"@type":"BreadcrumbList","@id":"https:\/\/xn--krper-resonanz-vpb.de\/?page_id=165#breadcrumb","itemListElement":[{"@type":"ListItem","position":1,"name":"Startseite","item":"https:\/\/xn--krper-resonanz-vpb.de\/"},{"@type":"ListItem","position":2,"name":"Therapieangebot"}]},{"@type":"WebSite","@id":"https:\/\/xn--krper-resonanz-vpb.de\/#website","url":"https:\/\/xn--krper-resonanz-vpb.de\/","name":"K\u00f6rper-Resonanz","description":"Gabriele Riepe","publisher":{"@id":"https:\/\/xn--krper-resonanz-vpb.de\/#\/schema\/person\/b6f17492a214383eff9940eac523e28b"},"potentialAction":[{"@type":"SearchAction","target":{"@type":"EntryPoint","urlTemplate":"https:\/\/xn--krper-resonanz-vpb.de\/?s={search_term_string}"},"query-input":{"@type":"PropertyValueSpecification","valueRequired":true,"valueName":"search_term_string"}}],"inLanguage":"de"},{"@type":["Person","Organization"],"@id":"https:\/\/xn--krper-resonanz-vpb.de\/#\/schema\/person\/b6f17492a214383eff9940eac523e28b","name":"Riepe","image":{"@type":"ImageObject","inLanguage":"de","@id":"https:\/\/xn--krper-resonanz-vpb.de\/#\/schema\/person\/image\/","url":"http:\/\/xn--krper-resonanz-vpb.de\/wp-content\/uploads\/2019\/02\/EA9DEC90-520F-4016-AFAA-F6A86BE50EA8.jpeg","contentUrl":"http:\/\/xn--krper-resonanz-vpb.de\/wp-content\/uploads\/2019\/02\/EA9DEC90-520F-4016-AFAA-F6A86BE50EA8.jpeg","width":537,"height":710,"caption":"Riepe"},"logo":{"@id":"https:\/\/xn--krper-resonanz-vpb.de\/#\/schema\/person\/image\/"}}]}},"_links":{"self":[{"href":"https:\/\/xn--krper-resonanz-vpb.de\/index.php?rest_route=\/wp\/v2\/pages\/165","targetHints":{"allow":["GET"]}}],"collection":[{"href":"https:\/\/xn--krper-resonanz-vpb.de\/index.php?rest_route=\/wp\/v2\/pages"}],"about":[{"href":"https:\/\/xn--krper-resonanz-vpb.de\/index.php?rest_route=\/wp\/v2\/types\/page"}],"author":[{"embeddable":true,"href":"https:\/\/xn--krper-resonanz-vpb.de\/index.php?rest_route=\/wp\/v2\/users\/1"}],"replies":[{"embeddable":true,"href":"https:\/\/xn--krper-resonanz-vpb.de\/index.php?rest_route=%2Fwp%2Fv2%2Fcomments&post=165"}],"version-history":[{"count":14,"href":"https:\/\/xn--krper-resonanz-vpb.de\/index.php?rest_route=\/wp\/v2\/pages\/165\/revisions"}],"predecessor-version":[{"id":274,"href":"https:\/\/xn--krper-resonanz-vpb.de\/index.php?rest_route=\/wp\/v2\/pages\/165\/revisions\/274"}],"wp:attachment":[{"href":"https:\/\/xn--krper-resonanz-vpb.de\/index.php?rest_route=%2Fwp%2Fv2%2Fmedia&parent=165"}],"curies":[{"name":"wp","href":"https:\/\/api.w.org\/{rel}","templated":true}]}}