{"id":216,"date":"2019-03-08T16:05:16","date_gmt":"2019-03-08T16:05:16","guid":{"rendered":"http:\/\/xn--krper-resonanz-vpb.de\/?page_id=216"},"modified":"2019-09-05T15:46:37","modified_gmt":"2019-09-05T15:46:37","slug":"fillerbehandlungen","status":"publish","type":"page","link":"https:\/\/xn--krper-resonanz-vpb.de\/?page_id=216","title":{"rendered":"Fillerbehandlungen"},"content":{"rendered":"\n<p>Hyalurons\u00e4ure ist eine klare, visk\u00f6se Fl\u00fcssigkeit und wesentlicher <msreadoutspan class=\"msreadout-line-highlight\">Bestandteil von Haut, <msreadoutspan class=\"msreadout-word-highlight\">Knochen<\/msreadoutspan><\/msreadoutspan><msreadoutspan class=\"msreadout-line-highlight\">, Knorpel und Bindegewebe.<\/msreadoutspan>  Die wichtigste Eigenschaft von Hyalurons\u00e4ure ist ihre hohe Wasserbindungskapazit\u00e4t. Dadurch erh\u00e4lt die Haut auch nat\u00fcrlicherweise ihre Feuchtigkeit, Elastizit\u00e4t und Spannkraft. Mit der Zeit nimmt der Gehalt der Hyalurons\u00e4ure unter anderem durch nat\u00fcrliche Alterungsprozesse, Mangelversorgung und UV-Belastung ab. Die Haut und das subkutane Bindegewebe verlieren Feuchtigkeit, wodurch Volumenatrophien und Falten entstehen. Seit 1996 setzt man erfolgreich abbaubare Hyalurons\u00e4urepr\u00e4parate ein, um diese F\u00fclldefekte wieder zu korrigieren. Heute wird das Material daf\u00fcr \u00fcberwiegend aus Bakterienkulturen gewonnen. Dadurch werden allergische Reaktionen geradezu ausgeschlossen. Der erw\u00fcnschte Effekt bei der Fillerbehandlung ist eine sofortige Volumenvermehrung im Gewebe am Ort der Injektion. Das gespritzte Material polstert sofort die Falte von innen auf und vermindert so die Faltentiefe, ohne die Mimik zu ver\u00e4ndern. Zus\u00e4tzlich regt das Produkt die Neubildung von k\u00f6rpereigenem Gewebe an.<\/p>\n\n\n\n<p>Unterschieden werden unterschiedliche Faltentypen und Volumenverluste:<\/p>\n\n\n\n<ul class=\"wp-block-list\"><li>Periorale Falten<\/li><li>Knitterf\u00e4ltchen<\/li><li>Stirnfalten<\/li><li>Zornesfalten<\/li><li>Nasolabialfalten<\/li><li>Lippenf\u00e4ltchen<\/li><li>Marionettenfalten<\/li><li>Wangenaufbau<\/li><li>Kinnaufbau<\/li><li>Tr\u00e4nenrinne<\/li><li>Lippenvolumen<\/li><li>Hals-, Dekolete-, Handfalten u. v. m.<\/li><\/ul>\n\n\n\n<p>Komplikationen und Nebenwirkungen:<\/p>\n\n\n\n<p>Wie jeder invasive Eingriff in den K\u00f6rper birgt auch die Behandlung mit Fillern ein gewissen Risiko. Diese sind entweder durch die Behandlung selbst oder durch das verwendete Material bedingt. Das Risiko wird durch eine gute Ausbildung des Behandlers und durch die Verwendung von hochwertigen, sicheren Produkten gemindert. Die h\u00e4ufigsten Nebenwirkungen sind vor\u00fcbergehende Reaktionen auf die Injektion. Hierzu z\u00e4hlen: Schmerzen an der Einstichstelle, Missempfindungen im Gewebe, H\u00e4matome, R\u00f6tungen und Unebenheiten des unterspritzten Areals, sowie ein Spannungsgef\u00fchl, bis hin zum Wundschmerz. All diese Nebenwirkungen verschwinden innnerhalb weniger Tage.<\/p>\n\n\n\n<p>Wie wird die Hyalurons\u00e4ure injiziert?<\/p>\n\n\n\n<p>Es wird mit Hilfe feinster Nadeln unter die zu behandelnden Falten gespritzt. Der behandelte Bereich wird in der Regel anschlie\u00dfend leicht massiert, um das implantierte Material den Konturen des umgebenden Gewebes anzupassen. Die Behandlung verl\u00e4uft in der Regel schmerzarm bis nahezu schmerzfrei. Die Ergebnisse sind sofort sichtbar. Sie k\u00f6nnen direkt nach der Behandlung wieder Ihrer normalen T\u00e4tigkeit nachgehen.<\/p>\n\n\n\n<p>Wie lange h\u00e4lt die Wirkung an?<\/p>\n\n\n\n<p>Je nach Stoffwechsellage, Alter, Hauttyp, Areal der Applikation h\u00e4lt die  Wirkung 6-12 Monate an. Danach wird die Hyalurons\u00e4ure vollst\u00e4ndig zersetzt und vom K\u00f6rper abgebaut.<\/p>\n\n\n\n<p>Wie verhalte ich mich nach der Behandlung?<\/p>\n\n\n\n<p>Nach der Behandlung sollten Sie f\u00fcr drei bis vier Tage Alkoholgenuss, Saunabesuche und UV-Bestrahlung durch Sonne oder Solarium vermeiden.<\/p>\n\n\n\n<p>Kosten:<\/p>\n\n\n\n<p>Die Kosten sind abh\u00e4ngig von der Menge und Art des applizierten Materials. Bitte lassen Sie sich dar\u00fcber in einem vorherigen Beratungsgespr\u00e4ch informieren. Die Beratung kostet 30 \u20ac und wird auf die nachfolgende Behandlung angerechnet.<\/p>\n","protected":false},"excerpt":{"rendered":"<p>Hyalurons\u00e4ure ist eine klare, visk\u00f6se Fl\u00fcssigkeit und wesentlicher Bestandteil von Haut, Knochen, Knorpel und Bindegewebe. Die wichtigste Eigenschaft von Hyalurons\u00e4ure ist ihre hohe Wasserbindungskapazit\u00e4t. Dadurch erh\u00e4lt die Haut auch nat\u00fcrlicherweise ihre Feuchtigkeit, Elastizit\u00e4t und Spannkraft. Mit der Zeit nimmt der Gehalt der Hyalurons\u00e4ure unter anderem durch nat\u00fcrliche Alterungsprozesse, Mangelversorgung und UV-Belastung ab. Die Haut und&hellip;<\/p>\n","protected":false},"author":1,"featured_media":0,"parent":0,"menu_order":0,"comment_status":"closed","ping_status":"closed","template":"","meta":{"footnotes":""},"class_list":["post-216","page","type-page","status-publish","hentry"],"yoast_head":"<!-- This site is optimized with the Yoast SEO plugin v27.0 - https:\/\/yoast.com\/product\/yoast-seo-wordpress\/ -->\n<title>Fillerbehandlungen - K\u00f6rper-Resonanz<\/title>\n<meta name=\"robots\" content=\"index, follow, max-snippet:-1, max-image-preview:large, max-video-preview:-1\" \/>\n<link rel=\"canonical\" href=\"https:\/\/xn--krper-resonanz-vpb.de\/?page_id=216\" \/>\n<meta property=\"og:locale\" content=\"de_DE\" \/>\n<meta property=\"og:type\" content=\"article\" \/>\n<meta property=\"og:title\" content=\"Fillerbehandlungen - K\u00f6rper-Resonanz\" \/>\n<meta property=\"og:description\" content=\"Hyalurons\u00e4ure ist eine klare, visk\u00f6se Fl\u00fcssigkeit und wesentlicher Bestandteil von Haut, Knochen, Knorpel und Bindegewebe. Die wichtigste Eigenschaft von Hyalurons\u00e4ure ist ihre hohe Wasserbindungskapazit\u00e4t. Dadurch erh\u00e4lt die Haut auch nat\u00fcrlicherweise ihre Feuchtigkeit, Elastizit\u00e4t und Spannkraft. Mit der Zeit nimmt der Gehalt der Hyalurons\u00e4ure unter anderem durch nat\u00fcrliche Alterungsprozesse, Mangelversorgung und UV-Belastung ab. Die Haut und&hellip;\" \/>\n<meta property=\"og:url\" content=\"https:\/\/xn--krper-resonanz-vpb.de\/?page_id=216\" \/>\n<meta property=\"og:site_name\" content=\"K\u00f6rper-Resonanz\" \/>\n<meta property=\"article:modified_time\" content=\"2019-09-05T15:46:37+00:00\" \/>\n<meta name=\"twitter:card\" content=\"summary_large_image\" \/>\n<meta name=\"twitter:label1\" content=\"Gesch\u00e4tzte Lesezeit\" \/>\n\t<meta name=\"twitter:data1\" content=\"2\u00a0Minuten\" \/>\n<script type=\"application\/ld+json\" class=\"yoast-schema-graph\">{\"@context\":\"https:\/\/schema.org\",\"@graph\":[{\"@type\":\"WebPage\",\"@id\":\"https:\/\/xn--krper-resonanz-vpb.de\/?page_id=216\",\"url\":\"https:\/\/xn--krper-resonanz-vpb.de\/?page_id=216\",\"name\":\"Fillerbehandlungen - K\u00f6rper-Resonanz\",\"isPartOf\":{\"@id\":\"https:\/\/xn--krper-resonanz-vpb.de\/#website\"},\"datePublished\":\"2019-03-08T16:05:16+00:00\",\"dateModified\":\"2019-09-05T15:46:37+00:00\",\"breadcrumb\":{\"@id\":\"https:\/\/xn--krper-resonanz-vpb.de\/?page_id=216#breadcrumb\"},\"inLanguage\":\"de\",\"potentialAction\":[{\"@type\":\"ReadAction\",\"target\":[\"https:\/\/xn--krper-resonanz-vpb.de\/?page_id=216\"]}]},{\"@type\":\"BreadcrumbList\",\"@id\":\"https:\/\/xn--krper-resonanz-vpb.de\/?page_id=216#breadcrumb\",\"itemListElement\":[{\"@type\":\"ListItem\",\"position\":1,\"name\":\"Startseite\",\"item\":\"https:\/\/xn--krper-resonanz-vpb.de\/\"},{\"@type\":\"ListItem\",\"position\":2,\"name\":\"Fillerbehandlungen\"}]},{\"@type\":\"WebSite\",\"@id\":\"https:\/\/xn--krper-resonanz-vpb.de\/#website\",\"url\":\"https:\/\/xn--krper-resonanz-vpb.de\/\",\"name\":\"K\u00f6rper-Resonanz\",\"description\":\"Gabriele Riepe\",\"publisher\":{\"@id\":\"https:\/\/xn--krper-resonanz-vpb.de\/#\/schema\/person\/b6f17492a214383eff9940eac523e28b\"},\"potentialAction\":[{\"@type\":\"SearchAction\",\"target\":{\"@type\":\"EntryPoint\",\"urlTemplate\":\"https:\/\/xn--krper-resonanz-vpb.de\/?s={search_term_string}\"},\"query-input\":{\"@type\":\"PropertyValueSpecification\",\"valueRequired\":true,\"valueName\":\"search_term_string\"}}],\"inLanguage\":\"de\"},{\"@type\":[\"Person\",\"Organization\"],\"@id\":\"https:\/\/xn--krper-resonanz-vpb.de\/#\/schema\/person\/b6f17492a214383eff9940eac523e28b\",\"name\":\"Riepe\",\"image\":{\"@type\":\"ImageObject\",\"inLanguage\":\"de\",\"@id\":\"https:\/\/xn--krper-resonanz-vpb.de\/#\/schema\/person\/image\/\",\"url\":\"http:\/\/xn--krper-resonanz-vpb.de\/wp-content\/uploads\/2019\/02\/EA9DEC90-520F-4016-AFAA-F6A86BE50EA8.jpeg\",\"contentUrl\":\"http:\/\/xn--krper-resonanz-vpb.de\/wp-content\/uploads\/2019\/02\/EA9DEC90-520F-4016-AFAA-F6A86BE50EA8.jpeg\",\"width\":537,\"height\":710,\"caption\":\"Riepe\"},\"logo\":{\"@id\":\"https:\/\/xn--krper-resonanz-vpb.de\/#\/schema\/person\/image\/\"}}]}<\/script>\n<!-- \/ Yoast SEO plugin. -->","yoast_head_json":{"title":"Fillerbehandlungen - K\u00f6rper-Resonanz","robots":{"index":"index","follow":"follow","max-snippet":"max-snippet:-1","max-image-preview":"max-image-preview:large","max-video-preview":"max-video-preview:-1"},"canonical":"https:\/\/xn--krper-resonanz-vpb.de\/?page_id=216","og_locale":"de_DE","og_type":"article","og_title":"Fillerbehandlungen - K\u00f6rper-Resonanz","og_description":"Hyalurons\u00e4ure ist eine klare, visk\u00f6se Fl\u00fcssigkeit und wesentlicher Bestandteil von Haut, Knochen, Knorpel und Bindegewebe. Die wichtigste Eigenschaft von Hyalurons\u00e4ure ist ihre hohe Wasserbindungskapazit\u00e4t. Dadurch erh\u00e4lt die Haut auch nat\u00fcrlicherweise ihre Feuchtigkeit, Elastizit\u00e4t und Spannkraft. Mit der Zeit nimmt der Gehalt der Hyalurons\u00e4ure unter anderem durch nat\u00fcrliche Alterungsprozesse, Mangelversorgung und UV-Belastung ab. Die Haut und&hellip;","og_url":"https:\/\/xn--krper-resonanz-vpb.de\/?page_id=216","og_site_name":"K\u00f6rper-Resonanz","article_modified_time":"2019-09-05T15:46:37+00:00","twitter_card":"summary_large_image","twitter_misc":{"Gesch\u00e4tzte Lesezeit":"2\u00a0Minuten"},"schema":{"@context":"https:\/\/schema.org","@graph":[{"@type":"WebPage","@id":"https:\/\/xn--krper-resonanz-vpb.de\/?page_id=216","url":"https:\/\/xn--krper-resonanz-vpb.de\/?page_id=216","name":"Fillerbehandlungen - K\u00f6rper-Resonanz","isPartOf":{"@id":"https:\/\/xn--krper-resonanz-vpb.de\/#website"},"datePublished":"2019-03-08T16:05:16+00:00","dateModified":"2019-09-05T15:46:37+00:00","breadcrumb":{"@id":"https:\/\/xn--krper-resonanz-vpb.de\/?page_id=216#breadcrumb"},"inLanguage":"de","potentialAction":[{"@type":"ReadAction","target":["https:\/\/xn--krper-resonanz-vpb.de\/?page_id=216"]}]},{"@type":"BreadcrumbList","@id":"https:\/\/xn--krper-resonanz-vpb.de\/?page_id=216#breadcrumb","itemListElement":[{"@type":"ListItem","position":1,"name":"Startseite","item":"https:\/\/xn--krper-resonanz-vpb.de\/"},{"@type":"ListItem","position":2,"name":"Fillerbehandlungen"}]},{"@type":"WebSite","@id":"https:\/\/xn--krper-resonanz-vpb.de\/#website","url":"https:\/\/xn--krper-resonanz-vpb.de\/","name":"K\u00f6rper-Resonanz","description":"Gabriele Riepe","publisher":{"@id":"https:\/\/xn--krper-resonanz-vpb.de\/#\/schema\/person\/b6f17492a214383eff9940eac523e28b"},"potentialAction":[{"@type":"SearchAction","target":{"@type":"EntryPoint","urlTemplate":"https:\/\/xn--krper-resonanz-vpb.de\/?s={search_term_string}"},"query-input":{"@type":"PropertyValueSpecification","valueRequired":true,"valueName":"search_term_string"}}],"inLanguage":"de"},{"@type":["Person","Organization"],"@id":"https:\/\/xn--krper-resonanz-vpb.de\/#\/schema\/person\/b6f17492a214383eff9940eac523e28b","name":"Riepe","image":{"@type":"ImageObject","inLanguage":"de","@id":"https:\/\/xn--krper-resonanz-vpb.de\/#\/schema\/person\/image\/","url":"http:\/\/xn--krper-resonanz-vpb.de\/wp-content\/uploads\/2019\/02\/EA9DEC90-520F-4016-AFAA-F6A86BE50EA8.jpeg","contentUrl":"http:\/\/xn--krper-resonanz-vpb.de\/wp-content\/uploads\/2019\/02\/EA9DEC90-520F-4016-AFAA-F6A86BE50EA8.jpeg","width":537,"height":710,"caption":"Riepe"},"logo":{"@id":"https:\/\/xn--krper-resonanz-vpb.de\/#\/schema\/person\/image\/"}}]}},"_links":{"self":[{"href":"https:\/\/xn--krper-resonanz-vpb.de\/index.php?rest_route=\/wp\/v2\/pages\/216","targetHints":{"allow":["GET"]}}],"collection":[{"href":"https:\/\/xn--krper-resonanz-vpb.de\/index.php?rest_route=\/wp\/v2\/pages"}],"about":[{"href":"https:\/\/xn--krper-resonanz-vpb.de\/index.php?rest_route=\/wp\/v2\/types\/page"}],"author":[{"embeddable":true,"href":"https:\/\/xn--krper-resonanz-vpb.de\/index.php?rest_route=\/wp\/v2\/users\/1"}],"replies":[{"embeddable":true,"href":"https:\/\/xn--krper-resonanz-vpb.de\/index.php?rest_route=%2Fwp%2Fv2%2Fcomments&post=216"}],"version-history":[{"count":6,"href":"https:\/\/xn--krper-resonanz-vpb.de\/index.php?rest_route=\/wp\/v2\/pages\/216\/revisions"}],"predecessor-version":[{"id":232,"href":"https:\/\/xn--krper-resonanz-vpb.de\/index.php?rest_route=\/wp\/v2\/pages\/216\/revisions\/232"}],"wp:attachment":[{"href":"https:\/\/xn--krper-resonanz-vpb.de\/index.php?rest_route=%2Fwp%2Fv2%2Fmedia&parent=216"}],"curies":[{"name":"wp","href":"https:\/\/api.w.org\/{rel}","templated":true}]}}