{"id":326,"date":"2020-11-21T15:38:31","date_gmt":"2020-11-21T15:38:31","guid":{"rendered":"http:\/\/xn--krper-resonanz-vpb.de\/?page_id=326"},"modified":"2024-02-19T17:03:48","modified_gmt":"2024-02-19T17:03:48","slug":"behandlungsweise-und-schwerpunkte","status":"publish","type":"page","link":"https:\/\/xn--krper-resonanz-vpb.de\/?page_id=326","title":{"rendered":"Behandlungsweise und Schwerpunkte"},"content":{"rendered":"\n<p>In meiner Therapie stelle ich die Verbindung zwischen K\u00f6rper, Geist und Seele wieder her. Ich unterst\u00fctze Sie darin, k\u00f6rperliche Beschwerden zu l\u00f6sen und somit Ihre Lebensqualit\u00e4t zu verbessern. Meine Ansatz ist ganzheitlich, weil sich Psyche und K\u00f6rper gegenseitig beeinflussen.  <\/p>\n\n\n\n<p>Es gibt heute so viele psychosomatische Leiden, wie niemals zuvor. Die Gr\u00fcnde daf\u00fcr sind vielf\u00e4ltig. <\/p>\n\n\n\n<p>Jeder Mensch hat einen eigenen Lebensplan mit auf die Welt bekommen. Man spricht auch von Potential, das entfaltet werden m\u00f6chte. Dieses ist aber im Laufe der Entwicklung durch Erziehung und gesellschaftliche Einfl\u00fcsse &#8222;versch\u00fcttet&#8220; worden. Wir sind dadurch nicht mehr das, was wir seien k\u00f6nnten, sondern das, was man aus uns gemacht hat. Wir verdr\u00e4ngen unbewusst unsere Bed\u00fcrfnisse und dadurch entstehen sowohl k\u00f6rperliche, als auch seelische Leiden. Der K\u00f6rper dr\u00fcckt diese &#8222;Verdr\u00e4ngungen&#8220; \u00fcber eine Spannungserh\u00f6hung in allen Strukturen aus und verhindert somit die n\u00f6tige Versorgung mit N\u00e4hrstoffen. So entstehen viele Krankheiten. Es kommt z. B. zu Neurosen, Depressionen, Panikattacken, muskul\u00e4re Verspannungen, Schmerzsyndrome, CMD, Migr\u00e4ne, Magen-, Darm-Funktionsst\u00f6rungen, um nur einige zu nennen.<\/p>\n\n\n\n<p>Ziel ist es, den Kontakt zu sich wieder herzustellen. Dazu braucht man einen guten Zugang zum eigenen K\u00f6rper und zu seinen Gef\u00fchlen. Diesen erarbeite ich mit Ihnen. Au\u00dferdem l\u00f6se ich k\u00f6rperliche Blockaden auf allen Ebenen. So werden Verspannungen, Schmerzen und Krankheiten nach und nach aufgel\u00f6st. <\/p>\n\n\n\n<p>Ich arbeite auf k\u00f6rperlicher Ebene mit Osteopathietechniken, Massagen, Physiotherapie und Ohrakupunktur. Zus\u00e4tzlich wende ich Techniken aus der Psychotherapie an wie Gestalttherapie, Gespr\u00e4chstherapie, Verhaltenstherapie und Systemische-Therapie an. <\/p>\n\n\n\n<p> Durch kontinuierliche Therapiebegleitung und Coaching werden Ihre Beschwerden dauerhaft gel\u00f6st und Sie bekommen Ihre Lebensqualit\u00e4t zur\u00fcck.<\/p>\n\n\n\n<p>Die Therapiestunde kostet f\u00fcr Selbstzahler 90\u20ac. Privatpatienten erhalten eine Rechnung nach der Geb\u00fchrenverordnung f\u00fcr Heilpraktiker. Erkundigen Sie sich ggf. vor der Behandlung bei Ihrer Krankenkasse nach der Kosten\u00fcbernahme. Die Osteopathie kann leider nicht bei den gesetzlichen Krankenkassen eingereicht werden, weil ich keine eingetragene Osteopathin bin. <\/p>\n\n\n\n<p>Physiotherapie ist bei mir nur f\u00fcr  Privatpatienten m\u00f6glich. <\/p>\n","protected":false},"excerpt":{"rendered":"<p>In meiner Therapie stelle ich die Verbindung zwischen K\u00f6rper, Geist und Seele wieder her. Ich unterst\u00fctze Sie darin, k\u00f6rperliche Beschwerden zu l\u00f6sen und somit Ihre Lebensqualit\u00e4t zu verbessern. Meine Ansatz ist ganzheitlich, weil sich Psyche und K\u00f6rper gegenseitig beeinflussen. Es gibt heute so viele psychosomatische Leiden, wie niemals zuvor. Die Gr\u00fcnde daf\u00fcr sind vielf\u00e4ltig. Jeder&hellip;<\/p>\n","protected":false},"author":1,"featured_media":0,"parent":0,"menu_order":0,"comment_status":"closed","ping_status":"closed","template":"","meta":{"footnotes":""},"class_list":["post-326","page","type-page","status-publish","hentry"],"yoast_head":"<!-- This site is optimized with the Yoast SEO plugin v27.0 - https:\/\/yoast.com\/product\/yoast-seo-wordpress\/ -->\n<title>Behandlungsweise und Schwerpunkte - K\u00f6rper-Resonanz<\/title>\n<meta name=\"robots\" content=\"index, follow, max-snippet:-1, max-image-preview:large, max-video-preview:-1\" \/>\n<link rel=\"canonical\" href=\"https:\/\/xn--krper-resonanz-vpb.de\/?page_id=326\" \/>\n<meta property=\"og:locale\" content=\"de_DE\" \/>\n<meta property=\"og:type\" content=\"article\" \/>\n<meta property=\"og:title\" content=\"Behandlungsweise und Schwerpunkte - K\u00f6rper-Resonanz\" \/>\n<meta property=\"og:description\" content=\"In meiner Therapie stelle ich die Verbindung zwischen K\u00f6rper, Geist und Seele wieder her. Ich unterst\u00fctze Sie darin, k\u00f6rperliche Beschwerden zu l\u00f6sen und somit Ihre Lebensqualit\u00e4t zu verbessern. Meine Ansatz ist ganzheitlich, weil sich Psyche und K\u00f6rper gegenseitig beeinflussen. Es gibt heute so viele psychosomatische Leiden, wie niemals zuvor. Die Gr\u00fcnde daf\u00fcr sind vielf\u00e4ltig. Jeder&hellip;\" \/>\n<meta property=\"og:url\" content=\"https:\/\/xn--krper-resonanz-vpb.de\/?page_id=326\" \/>\n<meta property=\"og:site_name\" content=\"K\u00f6rper-Resonanz\" \/>\n<meta property=\"article:modified_time\" content=\"2024-02-19T17:03:48+00:00\" \/>\n<meta name=\"twitter:card\" content=\"summary_large_image\" \/>\n<meta name=\"twitter:label1\" content=\"Gesch\u00e4tzte Lesezeit\" \/>\n\t<meta name=\"twitter:data1\" content=\"2\u00a0Minuten\" \/>\n<script type=\"application\/ld+json\" class=\"yoast-schema-graph\">{\"@context\":\"https:\/\/schema.org\",\"@graph\":[{\"@type\":\"WebPage\",\"@id\":\"https:\/\/xn--krper-resonanz-vpb.de\/?page_id=326\",\"url\":\"https:\/\/xn--krper-resonanz-vpb.de\/?page_id=326\",\"name\":\"Behandlungsweise und Schwerpunkte - K\u00f6rper-Resonanz\",\"isPartOf\":{\"@id\":\"https:\/\/xn--krper-resonanz-vpb.de\/#website\"},\"datePublished\":\"2020-11-21T15:38:31+00:00\",\"dateModified\":\"2024-02-19T17:03:48+00:00\",\"breadcrumb\":{\"@id\":\"https:\/\/xn--krper-resonanz-vpb.de\/?page_id=326#breadcrumb\"},\"inLanguage\":\"de\",\"potentialAction\":[{\"@type\":\"ReadAction\",\"target\":[\"https:\/\/xn--krper-resonanz-vpb.de\/?page_id=326\"]}]},{\"@type\":\"BreadcrumbList\",\"@id\":\"https:\/\/xn--krper-resonanz-vpb.de\/?page_id=326#breadcrumb\",\"itemListElement\":[{\"@type\":\"ListItem\",\"position\":1,\"name\":\"Startseite\",\"item\":\"https:\/\/xn--krper-resonanz-vpb.de\/\"},{\"@type\":\"ListItem\",\"position\":2,\"name\":\"Behandlungsweise und Schwerpunkte\"}]},{\"@type\":\"WebSite\",\"@id\":\"https:\/\/xn--krper-resonanz-vpb.de\/#website\",\"url\":\"https:\/\/xn--krper-resonanz-vpb.de\/\",\"name\":\"K\u00f6rper-Resonanz\",\"description\":\"Gabriele Riepe\",\"publisher\":{\"@id\":\"https:\/\/xn--krper-resonanz-vpb.de\/#\/schema\/person\/b6f17492a214383eff9940eac523e28b\"},\"potentialAction\":[{\"@type\":\"SearchAction\",\"target\":{\"@type\":\"EntryPoint\",\"urlTemplate\":\"https:\/\/xn--krper-resonanz-vpb.de\/?s={search_term_string}\"},\"query-input\":{\"@type\":\"PropertyValueSpecification\",\"valueRequired\":true,\"valueName\":\"search_term_string\"}}],\"inLanguage\":\"de\"},{\"@type\":[\"Person\",\"Organization\"],\"@id\":\"https:\/\/xn--krper-resonanz-vpb.de\/#\/schema\/person\/b6f17492a214383eff9940eac523e28b\",\"name\":\"Riepe\",\"image\":{\"@type\":\"ImageObject\",\"inLanguage\":\"de\",\"@id\":\"https:\/\/xn--krper-resonanz-vpb.de\/#\/schema\/person\/image\/\",\"url\":\"http:\/\/xn--krper-resonanz-vpb.de\/wp-content\/uploads\/2019\/02\/EA9DEC90-520F-4016-AFAA-F6A86BE50EA8.jpeg\",\"contentUrl\":\"http:\/\/xn--krper-resonanz-vpb.de\/wp-content\/uploads\/2019\/02\/EA9DEC90-520F-4016-AFAA-F6A86BE50EA8.jpeg\",\"width\":537,\"height\":710,\"caption\":\"Riepe\"},\"logo\":{\"@id\":\"https:\/\/xn--krper-resonanz-vpb.de\/#\/schema\/person\/image\/\"}}]}<\/script>\n<!-- \/ Yoast SEO plugin. -->","yoast_head_json":{"title":"Behandlungsweise und Schwerpunkte - K\u00f6rper-Resonanz","robots":{"index":"index","follow":"follow","max-snippet":"max-snippet:-1","max-image-preview":"max-image-preview:large","max-video-preview":"max-video-preview:-1"},"canonical":"https:\/\/xn--krper-resonanz-vpb.de\/?page_id=326","og_locale":"de_DE","og_type":"article","og_title":"Behandlungsweise und Schwerpunkte - K\u00f6rper-Resonanz","og_description":"In meiner Therapie stelle ich die Verbindung zwischen K\u00f6rper, Geist und Seele wieder her. Ich unterst\u00fctze Sie darin, k\u00f6rperliche Beschwerden zu l\u00f6sen und somit Ihre Lebensqualit\u00e4t zu verbessern. Meine Ansatz ist ganzheitlich, weil sich Psyche und K\u00f6rper gegenseitig beeinflussen. Es gibt heute so viele psychosomatische Leiden, wie niemals zuvor. Die Gr\u00fcnde daf\u00fcr sind vielf\u00e4ltig. Jeder&hellip;","og_url":"https:\/\/xn--krper-resonanz-vpb.de\/?page_id=326","og_site_name":"K\u00f6rper-Resonanz","article_modified_time":"2024-02-19T17:03:48+00:00","twitter_card":"summary_large_image","twitter_misc":{"Gesch\u00e4tzte Lesezeit":"2\u00a0Minuten"},"schema":{"@context":"https:\/\/schema.org","@graph":[{"@type":"WebPage","@id":"https:\/\/xn--krper-resonanz-vpb.de\/?page_id=326","url":"https:\/\/xn--krper-resonanz-vpb.de\/?page_id=326","name":"Behandlungsweise und Schwerpunkte - K\u00f6rper-Resonanz","isPartOf":{"@id":"https:\/\/xn--krper-resonanz-vpb.de\/#website"},"datePublished":"2020-11-21T15:38:31+00:00","dateModified":"2024-02-19T17:03:48+00:00","breadcrumb":{"@id":"https:\/\/xn--krper-resonanz-vpb.de\/?page_id=326#breadcrumb"},"inLanguage":"de","potentialAction":[{"@type":"ReadAction","target":["https:\/\/xn--krper-resonanz-vpb.de\/?page_id=326"]}]},{"@type":"BreadcrumbList","@id":"https:\/\/xn--krper-resonanz-vpb.de\/?page_id=326#breadcrumb","itemListElement":[{"@type":"ListItem","position":1,"name":"Startseite","item":"https:\/\/xn--krper-resonanz-vpb.de\/"},{"@type":"ListItem","position":2,"name":"Behandlungsweise und Schwerpunkte"}]},{"@type":"WebSite","@id":"https:\/\/xn--krper-resonanz-vpb.de\/#website","url":"https:\/\/xn--krper-resonanz-vpb.de\/","name":"K\u00f6rper-Resonanz","description":"Gabriele Riepe","publisher":{"@id":"https:\/\/xn--krper-resonanz-vpb.de\/#\/schema\/person\/b6f17492a214383eff9940eac523e28b"},"potentialAction":[{"@type":"SearchAction","target":{"@type":"EntryPoint","urlTemplate":"https:\/\/xn--krper-resonanz-vpb.de\/?s={search_term_string}"},"query-input":{"@type":"PropertyValueSpecification","valueRequired":true,"valueName":"search_term_string"}}],"inLanguage":"de"},{"@type":["Person","Organization"],"@id":"https:\/\/xn--krper-resonanz-vpb.de\/#\/schema\/person\/b6f17492a214383eff9940eac523e28b","name":"Riepe","image":{"@type":"ImageObject","inLanguage":"de","@id":"https:\/\/xn--krper-resonanz-vpb.de\/#\/schema\/person\/image\/","url":"http:\/\/xn--krper-resonanz-vpb.de\/wp-content\/uploads\/2019\/02\/EA9DEC90-520F-4016-AFAA-F6A86BE50EA8.jpeg","contentUrl":"http:\/\/xn--krper-resonanz-vpb.de\/wp-content\/uploads\/2019\/02\/EA9DEC90-520F-4016-AFAA-F6A86BE50EA8.jpeg","width":537,"height":710,"caption":"Riepe"},"logo":{"@id":"https:\/\/xn--krper-resonanz-vpb.de\/#\/schema\/person\/image\/"}}]}},"_links":{"self":[{"href":"https:\/\/xn--krper-resonanz-vpb.de\/index.php?rest_route=\/wp\/v2\/pages\/326","targetHints":{"allow":["GET"]}}],"collection":[{"href":"https:\/\/xn--krper-resonanz-vpb.de\/index.php?rest_route=\/wp\/v2\/pages"}],"about":[{"href":"https:\/\/xn--krper-resonanz-vpb.de\/index.php?rest_route=\/wp\/v2\/types\/page"}],"author":[{"embeddable":true,"href":"https:\/\/xn--krper-resonanz-vpb.de\/index.php?rest_route=\/wp\/v2\/users\/1"}],"replies":[{"embeddable":true,"href":"https:\/\/xn--krper-resonanz-vpb.de\/index.php?rest_route=%2Fwp%2Fv2%2Fcomments&post=326"}],"version-history":[{"count":16,"href":"https:\/\/xn--krper-resonanz-vpb.de\/index.php?rest_route=\/wp\/v2\/pages\/326\/revisions"}],"predecessor-version":[{"id":369,"href":"https:\/\/xn--krper-resonanz-vpb.de\/index.php?rest_route=\/wp\/v2\/pages\/326\/revisions\/369"}],"wp:attachment":[{"href":"https:\/\/xn--krper-resonanz-vpb.de\/index.php?rest_route=%2Fwp%2Fv2%2Fmedia&parent=326"}],"curies":[{"name":"wp","href":"https:\/\/api.w.org\/{rel}","templated":true}]}}