{"id":99,"date":"2019-02-20T16:02:02","date_gmt":"2019-02-20T16:02:02","guid":{"rendered":"http:\/\/xn--krper-resonanz-vpb.de\/?page_id=99"},"modified":"2020-01-15T10:51:07","modified_gmt":"2020-01-15T10:51:07","slug":"ueber-mich","status":"publish","type":"page","link":"https:\/\/xn--krper-resonanz-vpb.de\/?page_id=99","title":{"rendered":"\u00dcber mich"},"content":{"rendered":"\n<p>Ich verf\u00fcge \u00fcber ein breites Therapiespektrum und eine lange Berufserfahrung. Nach einem ausf\u00fchrlichen Eingangsgespr\u00e4ch werde ich die, f\u00fcr Sie geeignete Therapie zusammenstellen. Dabei ist mir wichtig, auch darauf zu achten, dass neben der K\u00f6rperbehandlung auch Ihre pers\u00f6nliche Weiterentwicklung gef\u00f6rdert wird.<\/p>\n\n\n\n<ul class=\"wp-block-list\"><li>1992-1994:                               Ausbildung zur Physiotherapeutin, Elbe-                                                   Kliniken<\/li><li>1996                                          Br\u00fcgger-Therapie<\/li><li>1997                                          Bobath-Therapie, IBITA<\/li><li>2000                                          Bobath-Aufbaukurs, IBITA<\/li><li>2004-2006                                Craniosacrale Therapie I+II, SEE I+II<\/li><li>2007-2011                                Osteopathietechniken, Upledger <\/li><li>2012                                          Cranio Mandibular Concept, Upledger<\/li><li>2013                                          Yumeiho Massage<\/li><li>2013-2014                                Heilpraktikerausbildung und Pr\u00fcfung<\/li><li>2015                                          Ohrakupunkturausbildung<\/li><li>2015                                          K\u00f6rperspuren, Voss Inst.<\/li><li>2016                                          IMpuls-Therapie, Voss Inst.<\/li><li>2017                                          Systemische Aufstellungen, Voss Inst.<\/li><li>2017                                          Faltenunterspritzungen mit Hyaluron-<\/li><li>                                                  s\u00e4ure, MFZ Hannover<\/li><li>2018                                          Fullfacebehandlung mit Hyalurons\u00e4ure<\/li><li>                                                   Dr. A.Britz, Hamburg<\/li><li>2018-2020                                         Compact (Osteopathie-Essenztraining)<\/li><\/ul>\n\n\n\n<p><\/p>\n","protected":false},"excerpt":{"rendered":"<p>Ich verf\u00fcge \u00fcber ein breites Therapiespektrum und eine lange Berufserfahrung. Nach einem ausf\u00fchrlichen Eingangsgespr\u00e4ch werde ich die, f\u00fcr Sie geeignete Therapie zusammenstellen. Dabei ist mir wichtig, auch darauf zu achten, dass neben der K\u00f6rperbehandlung auch Ihre pers\u00f6nliche Weiterentwicklung gef\u00f6rdert wird. 1992-1994: Ausbildung zur Physiotherapeutin, Elbe- Kliniken 1996 Br\u00fcgger-Therapie 1997 Bobath-Therapie, IBITA 2000 Bobath-Aufbaukurs, IBITA 2004-2006&hellip;<\/p>\n","protected":false},"author":1,"featured_media":29,"parent":0,"menu_order":0,"comment_status":"closed","ping_status":"closed","template":"fullwidth.php","meta":{"footnotes":""},"class_list":["post-99","page","type-page","status-publish","has-post-thumbnail","hentry"],"yoast_head":"<!-- This site is optimized with the Yoast SEO plugin v27.0 - https:\/\/yoast.com\/product\/yoast-seo-wordpress\/ -->\n<title>\u00dcber mich - K\u00f6rper-Resonanz<\/title>\n<meta name=\"robots\" content=\"index, follow, max-snippet:-1, max-image-preview:large, max-video-preview:-1\" \/>\n<link rel=\"canonical\" href=\"https:\/\/xn--krper-resonanz-vpb.de\/?page_id=99\" \/>\n<meta property=\"og:locale\" content=\"de_DE\" \/>\n<meta property=\"og:type\" content=\"article\" \/>\n<meta property=\"og:title\" content=\"\u00dcber mich - K\u00f6rper-Resonanz\" \/>\n<meta property=\"og:description\" content=\"Ich verf\u00fcge \u00fcber ein breites Therapiespektrum und eine lange Berufserfahrung. Nach einem ausf\u00fchrlichen Eingangsgespr\u00e4ch werde ich die, f\u00fcr Sie geeignete Therapie zusammenstellen. Dabei ist mir wichtig, auch darauf zu achten, dass neben der K\u00f6rperbehandlung auch Ihre pers\u00f6nliche Weiterentwicklung gef\u00f6rdert wird. 1992-1994: Ausbildung zur Physiotherapeutin, Elbe- Kliniken 1996 Br\u00fcgger-Therapie 1997 Bobath-Therapie, IBITA 2000 Bobath-Aufbaukurs, IBITA 2004-2006&hellip;\" \/>\n<meta property=\"og:url\" content=\"https:\/\/xn--krper-resonanz-vpb.de\/?page_id=99\" \/>\n<meta property=\"og:site_name\" content=\"K\u00f6rper-Resonanz\" \/>\n<meta property=\"article:modified_time\" content=\"2020-01-15T10:51:07+00:00\" \/>\n<meta property=\"og:image\" content=\"https:\/\/xn--krper-resonanz-vpb.de\/wp-content\/uploads\/2019\/02\/97C205E6-04F7-4071-BBA1-80B4CB15158B.jpeg\" \/>\n\t<meta property=\"og:image:width\" content=\"640\" \/>\n\t<meta property=\"og:image:height\" content=\"640\" \/>\n\t<meta property=\"og:image:type\" content=\"image\/jpeg\" \/>\n<meta name=\"twitter:card\" content=\"summary_large_image\" \/>\n<meta name=\"twitter:label1\" content=\"Gesch\u00e4tzte Lesezeit\" \/>\n\t<meta name=\"twitter:data1\" content=\"1\u00a0Minute\" \/>\n<script type=\"application\/ld+json\" class=\"yoast-schema-graph\">{\"@context\":\"https:\/\/schema.org\",\"@graph\":[{\"@type\":\"WebPage\",\"@id\":\"https:\/\/xn--krper-resonanz-vpb.de\/?page_id=99\",\"url\":\"https:\/\/xn--krper-resonanz-vpb.de\/?page_id=99\",\"name\":\"\u00dcber mich - K\u00f6rper-Resonanz\",\"isPartOf\":{\"@id\":\"https:\/\/xn--krper-resonanz-vpb.de\/#website\"},\"primaryImageOfPage\":{\"@id\":\"https:\/\/xn--krper-resonanz-vpb.de\/?page_id=99#primaryimage\"},\"image\":{\"@id\":\"https:\/\/xn--krper-resonanz-vpb.de\/?page_id=99#primaryimage\"},\"thumbnailUrl\":\"https:\/\/xn--krper-resonanz-vpb.de\/wp-content\/uploads\/2019\/02\/97C205E6-04F7-4071-BBA1-80B4CB15158B.jpeg\",\"datePublished\":\"2019-02-20T16:02:02+00:00\",\"dateModified\":\"2020-01-15T10:51:07+00:00\",\"breadcrumb\":{\"@id\":\"https:\/\/xn--krper-resonanz-vpb.de\/?page_id=99#breadcrumb\"},\"inLanguage\":\"de\",\"potentialAction\":[{\"@type\":\"ReadAction\",\"target\":[\"https:\/\/xn--krper-resonanz-vpb.de\/?page_id=99\"]}]},{\"@type\":\"ImageObject\",\"inLanguage\":\"de\",\"@id\":\"https:\/\/xn--krper-resonanz-vpb.de\/?page_id=99#primaryimage\",\"url\":\"https:\/\/xn--krper-resonanz-vpb.de\/wp-content\/uploads\/2019\/02\/97C205E6-04F7-4071-BBA1-80B4CB15158B.jpeg\",\"contentUrl\":\"https:\/\/xn--krper-resonanz-vpb.de\/wp-content\/uploads\/2019\/02\/97C205E6-04F7-4071-BBA1-80B4CB15158B.jpeg\",\"width\":640,\"height\":640},{\"@type\":\"BreadcrumbList\",\"@id\":\"https:\/\/xn--krper-resonanz-vpb.de\/?page_id=99#breadcrumb\",\"itemListElement\":[{\"@type\":\"ListItem\",\"position\":1,\"name\":\"Startseite\",\"item\":\"https:\/\/xn--krper-resonanz-vpb.de\/\"},{\"@type\":\"ListItem\",\"position\":2,\"name\":\"\u00dcber mich\"}]},{\"@type\":\"WebSite\",\"@id\":\"https:\/\/xn--krper-resonanz-vpb.de\/#website\",\"url\":\"https:\/\/xn--krper-resonanz-vpb.de\/\",\"name\":\"K\u00f6rper-Resonanz\",\"description\":\"Gabriele Riepe\",\"publisher\":{\"@id\":\"https:\/\/xn--krper-resonanz-vpb.de\/#\/schema\/person\/b6f17492a214383eff9940eac523e28b\"},\"potentialAction\":[{\"@type\":\"SearchAction\",\"target\":{\"@type\":\"EntryPoint\",\"urlTemplate\":\"https:\/\/xn--krper-resonanz-vpb.de\/?s={search_term_string}\"},\"query-input\":{\"@type\":\"PropertyValueSpecification\",\"valueRequired\":true,\"valueName\":\"search_term_string\"}}],\"inLanguage\":\"de\"},{\"@type\":[\"Person\",\"Organization\"],\"@id\":\"https:\/\/xn--krper-resonanz-vpb.de\/#\/schema\/person\/b6f17492a214383eff9940eac523e28b\",\"name\":\"Riepe\",\"image\":{\"@type\":\"ImageObject\",\"inLanguage\":\"de\",\"@id\":\"https:\/\/xn--krper-resonanz-vpb.de\/#\/schema\/person\/image\/\",\"url\":\"http:\/\/xn--krper-resonanz-vpb.de\/wp-content\/uploads\/2019\/02\/EA9DEC90-520F-4016-AFAA-F6A86BE50EA8.jpeg\",\"contentUrl\":\"http:\/\/xn--krper-resonanz-vpb.de\/wp-content\/uploads\/2019\/02\/EA9DEC90-520F-4016-AFAA-F6A86BE50EA8.jpeg\",\"width\":537,\"height\":710,\"caption\":\"Riepe\"},\"logo\":{\"@id\":\"https:\/\/xn--krper-resonanz-vpb.de\/#\/schema\/person\/image\/\"}}]}<\/script>\n<!-- \/ Yoast SEO plugin. -->","yoast_head_json":{"title":"\u00dcber mich - K\u00f6rper-Resonanz","robots":{"index":"index","follow":"follow","max-snippet":"max-snippet:-1","max-image-preview":"max-image-preview:large","max-video-preview":"max-video-preview:-1"},"canonical":"https:\/\/xn--krper-resonanz-vpb.de\/?page_id=99","og_locale":"de_DE","og_type":"article","og_title":"\u00dcber mich - K\u00f6rper-Resonanz","og_description":"Ich verf\u00fcge \u00fcber ein breites Therapiespektrum und eine lange Berufserfahrung. Nach einem ausf\u00fchrlichen Eingangsgespr\u00e4ch werde ich die, f\u00fcr Sie geeignete Therapie zusammenstellen. Dabei ist mir wichtig, auch darauf zu achten, dass neben der K\u00f6rperbehandlung auch Ihre pers\u00f6nliche Weiterentwicklung gef\u00f6rdert wird. 1992-1994: Ausbildung zur Physiotherapeutin, Elbe- Kliniken 1996 Br\u00fcgger-Therapie 1997 Bobath-Therapie, IBITA 2000 Bobath-Aufbaukurs, IBITA 2004-2006&hellip;","og_url":"https:\/\/xn--krper-resonanz-vpb.de\/?page_id=99","og_site_name":"K\u00f6rper-Resonanz","article_modified_time":"2020-01-15T10:51:07+00:00","og_image":[{"width":640,"height":640,"url":"https:\/\/xn--krper-resonanz-vpb.de\/wp-content\/uploads\/2019\/02\/97C205E6-04F7-4071-BBA1-80B4CB15158B.jpeg","type":"image\/jpeg"}],"twitter_card":"summary_large_image","twitter_misc":{"Gesch\u00e4tzte Lesezeit":"1\u00a0Minute"},"schema":{"@context":"https:\/\/schema.org","@graph":[{"@type":"WebPage","@id":"https:\/\/xn--krper-resonanz-vpb.de\/?page_id=99","url":"https:\/\/xn--krper-resonanz-vpb.de\/?page_id=99","name":"\u00dcber mich - K\u00f6rper-Resonanz","isPartOf":{"@id":"https:\/\/xn--krper-resonanz-vpb.de\/#website"},"primaryImageOfPage":{"@id":"https:\/\/xn--krper-resonanz-vpb.de\/?page_id=99#primaryimage"},"image":{"@id":"https:\/\/xn--krper-resonanz-vpb.de\/?page_id=99#primaryimage"},"thumbnailUrl":"https:\/\/xn--krper-resonanz-vpb.de\/wp-content\/uploads\/2019\/02\/97C205E6-04F7-4071-BBA1-80B4CB15158B.jpeg","datePublished":"2019-02-20T16:02:02+00:00","dateModified":"2020-01-15T10:51:07+00:00","breadcrumb":{"@id":"https:\/\/xn--krper-resonanz-vpb.de\/?page_id=99#breadcrumb"},"inLanguage":"de","potentialAction":[{"@type":"ReadAction","target":["https:\/\/xn--krper-resonanz-vpb.de\/?page_id=99"]}]},{"@type":"ImageObject","inLanguage":"de","@id":"https:\/\/xn--krper-resonanz-vpb.de\/?page_id=99#primaryimage","url":"https:\/\/xn--krper-resonanz-vpb.de\/wp-content\/uploads\/2019\/02\/97C205E6-04F7-4071-BBA1-80B4CB15158B.jpeg","contentUrl":"https:\/\/xn--krper-resonanz-vpb.de\/wp-content\/uploads\/2019\/02\/97C205E6-04F7-4071-BBA1-80B4CB15158B.jpeg","width":640,"height":640},{"@type":"BreadcrumbList","@id":"https:\/\/xn--krper-resonanz-vpb.de\/?page_id=99#breadcrumb","itemListElement":[{"@type":"ListItem","position":1,"name":"Startseite","item":"https:\/\/xn--krper-resonanz-vpb.de\/"},{"@type":"ListItem","position":2,"name":"\u00dcber mich"}]},{"@type":"WebSite","@id":"https:\/\/xn--krper-resonanz-vpb.de\/#website","url":"https:\/\/xn--krper-resonanz-vpb.de\/","name":"K\u00f6rper-Resonanz","description":"Gabriele Riepe","publisher":{"@id":"https:\/\/xn--krper-resonanz-vpb.de\/#\/schema\/person\/b6f17492a214383eff9940eac523e28b"},"potentialAction":[{"@type":"SearchAction","target":{"@type":"EntryPoint","urlTemplate":"https:\/\/xn--krper-resonanz-vpb.de\/?s={search_term_string}"},"query-input":{"@type":"PropertyValueSpecification","valueRequired":true,"valueName":"search_term_string"}}],"inLanguage":"de"},{"@type":["Person","Organization"],"@id":"https:\/\/xn--krper-resonanz-vpb.de\/#\/schema\/person\/b6f17492a214383eff9940eac523e28b","name":"Riepe","image":{"@type":"ImageObject","inLanguage":"de","@id":"https:\/\/xn--krper-resonanz-vpb.de\/#\/schema\/person\/image\/","url":"http:\/\/xn--krper-resonanz-vpb.de\/wp-content\/uploads\/2019\/02\/EA9DEC90-520F-4016-AFAA-F6A86BE50EA8.jpeg","contentUrl":"http:\/\/xn--krper-resonanz-vpb.de\/wp-content\/uploads\/2019\/02\/EA9DEC90-520F-4016-AFAA-F6A86BE50EA8.jpeg","width":537,"height":710,"caption":"Riepe"},"logo":{"@id":"https:\/\/xn--krper-resonanz-vpb.de\/#\/schema\/person\/image\/"}}]}},"_links":{"self":[{"href":"https:\/\/xn--krper-resonanz-vpb.de\/index.php?rest_route=\/wp\/v2\/pages\/99","targetHints":{"allow":["GET"]}}],"collection":[{"href":"https:\/\/xn--krper-resonanz-vpb.de\/index.php?rest_route=\/wp\/v2\/pages"}],"about":[{"href":"https:\/\/xn--krper-resonanz-vpb.de\/index.php?rest_route=\/wp\/v2\/types\/page"}],"author":[{"embeddable":true,"href":"https:\/\/xn--krper-resonanz-vpb.de\/index.php?rest_route=\/wp\/v2\/users\/1"}],"replies":[{"embeddable":true,"href":"https:\/\/xn--krper-resonanz-vpb.de\/index.php?rest_route=%2Fwp%2Fv2%2Fcomments&post=99"}],"version-history":[{"count":7,"href":"https:\/\/xn--krper-resonanz-vpb.de\/index.php?rest_route=\/wp\/v2\/pages\/99\/revisions"}],"predecessor-version":[{"id":265,"href":"https:\/\/xn--krper-resonanz-vpb.de\/index.php?rest_route=\/wp\/v2\/pages\/99\/revisions\/265"}],"wp:featuredmedia":[{"embeddable":true,"href":"https:\/\/xn--krper-resonanz-vpb.de\/index.php?rest_route=\/wp\/v2\/media\/29"}],"wp:attachment":[{"href":"https:\/\/xn--krper-resonanz-vpb.de\/index.php?rest_route=%2Fwp%2Fv2%2Fmedia&parent=99"}],"curies":[{"name":"wp","href":"https:\/\/api.w.org\/{rel}","templated":true}]}}